{"id":25,"date":"2016-02-12T08:13:22","date_gmt":"2016-02-12T08:13:22","guid":{"rendered":"http:\/\/demos.famethemes.com\/onepress-plus\/?page_id=25"},"modified":"2023-08-12T10:56:26","modified_gmt":"2023-08-12T10:56:26","slug":"seo-optimization","status":"publish","type":"page","link":"https:\/\/wp.desware.com\/pt\/seo-optimization\/","title":{"rendered":"Otimiza\u00e7\u00e3o SEO"},"content":{"rendered":"<h3 class=\"wp-block-heading\">Por que utilizar Otimiza\u00e7\u00e3o de SEO?<\/h3>\n\n\n\n<h4 class=\"wp-block-heading\">Em resumo, a otimiza\u00e7\u00e3o de SEO beneficia a sua organiza\u00e7\u00e3o e ajuda a impulsionar as suas receitas.<\/h4>\n\n\n\n<p>No atual cen\u00e1rio digital, o SEO \u00e9 crucial para as empresas se manterem competitivas. Se os seus concorrentes est\u00e3o a investir em SEO e voc\u00ea n\u00e3o est\u00e1, eles podem estar a atrair potenciais clientes que poderiam ter encontrado o seu website se este estivesse otimizado.<\/p>\n\n\n\n<h4 class=\"wp-block-heading\">Ao implementar estrat\u00e9gias de SEO, voc\u00ea pode nivelar o campo de jogo e melhorar suas chances de sucesso.<\/h4>\n\n\n\n<p>Aqui est\u00e3o alguns dos benef\u00edcios que colher\u00e1 da otimiza\u00e7\u00e3o de SEO:<\/p>\n\n\n\n<ul class=\"wp-block-list\">\n<li>Aumento de Tr\u00e1fego Org\u00e2nico: O SEO ajuda a melhorar a visibilidade do seu website nas p\u00e1ginas de resultados dos motores de busca (SERPs), o que leva a um aumento do tr\u00e1fego org\u00e2nico proveniente de motores de busca como o Google. Isso pode resultar em visitantes de maior qualidade e mais direcionados para o seu site.<\/li>\n\n\n\n<li>Experi\u00eancia do Utilizador Melhorada: A otimiza\u00e7\u00e3o de SEO envolve otimizar a estrutura, navega\u00e7\u00e3o e conte\u00fado do seu website para torn\u00e1-lo mais amig\u00e1vel para os utilizadores. Ao proporcionar uma experi\u00eancia positiva ao utilizador, pode aumentar o envolvimento, reduzir as taxas de rejei\u00e7\u00e3o e melhorar a satisfa\u00e7\u00e3o geral do utilizador.<\/li>\n\n\n\n<li>Melhores Classifica\u00e7\u00f5es nos Motores de Busca: As t\u00e9cnicas de SEO focam na otimiza\u00e7\u00e3o de v\u00e1rios elementos do seu website, como meta tags, palavras-chave e velocidade do site, aumentando assim as hip\u00f3teses de obter classifica\u00e7\u00f5es mais elevadas nos resultados de pesquisa.<\/li>\n\n\n\n<li>Visibilidade e Consci\u00eancia da Marca: Quando o seu website obt\u00e9m classifica\u00e7\u00f5es mais altas nos resultados de pesquisa, ganha maior visibilidade e exposi\u00e7\u00e3o. Esta visibilidade aumentada ajuda a construir a consci\u00eancia da marca, estabelece credibilidade e fomenta a confian\u00e7a entre os utilizadores.<\/li>\n\n\n\n<li>Marketing Econ\u00f3mico: Comparado com outras estrat\u00e9gias de marketing digital, como publicidade paga, o SEO pode oferecer uma solu\u00e7\u00e3o econ\u00f3mica a longo prazo. O SEO pode proporcionar resultados sustent\u00e1veis sem gastos cont\u00ednuos em an\u00fancios.<\/li>\n\n\n\n<li>Tr\u00e1fego Direcionado e Leads de Qualidade: O SEO permite-lhe direcionar palavras-chave e frases espec\u00edficas relevantes para o seu neg\u00f3cio. Ao otimizar o seu website para essas palavras-chave, atrai um tr\u00e1fego mais direcionado, aumentando as hip\u00f3teses de converter visitantes em clientes ou leads.<\/li>\n<\/ul>\n\n\n\n<p><a href=\"https:\/\/desware.com\/wp\/#contact\">Contacte-nos<\/a> hoje para come\u00e7ar a ter um maior impacto.<\/p>","protected":false},"excerpt":{"rendered":"<p>Ao implementar estrat\u00e9gias de SEO, voc\u00ea pode nivelar o campo de jogo e melhorar suas chances de sucesso.<\/p>","protected":false},"author":2,"featured_media":1496,"parent":0,"menu_order":0,"comment_status":"closed","ping_status":"closed","template":"","meta":{"footnotes":""},"class_list":["post-25","page","type-page","status-publish","has-post-thumbnail","hentry"],"yoast_head":"<!-- This site is optimized with the Yoast SEO plugin v21.7 - https:\/\/yoast.com\/wordpress\/plugins\/seo\/ -->\n<title>SEO Optimization - DesWare<\/title>\n<meta name=\"description\" content=\"SEO Optimization benefits your organization and helps boost your revenue. Get in touch today to start making more impact.\" \/>\n<meta name=\"robots\" content=\"index, follow, max-snippet:-1, max-image-preview:large, max-video-preview:-1\" \/>\n<link rel=\"canonical\" href=\"https:\/\/wp.desware.com\/pt\/seo-optimization\/\" \/>\n<meta property=\"og:locale\" content=\"pt_PT\" \/>\n<meta property=\"og:type\" content=\"article\" \/>\n<meta property=\"og:title\" content=\"SEO Optimization - DesWare\" \/>\n<meta property=\"og:description\" content=\"SEO Optimization benefits your organization and helps boost your revenue. Get in touch today to start making more impact.\" \/>\n<meta property=\"og:url\" content=\"https:\/\/wp.desware.com\/pt\/seo-optimization\/\" \/>\n<meta property=\"og:site_name\" content=\"DesWare\" \/>\n<meta property=\"article:modified_time\" content=\"2023-08-12T10:56:26+00:00\" \/>\n<meta property=\"og:image\" content=\"https:\/\/wp.desware.com\/wp-content\/uploads\/2023\/07\/seo01.jpg\" \/>\n\t<meta property=\"og:image:width\" content=\"1500\" \/>\n\t<meta property=\"og:image:height\" content=\"1000\" \/>\n\t<meta property=\"og:image:type\" content=\"image\/jpeg\" \/>\n<meta name=\"twitter:card\" content=\"summary_large_image\" \/>\n<meta name=\"twitter:label1\" content=\"Est. reading time\" \/>\n\t<meta name=\"twitter:data1\" content=\"2 minutos\" \/>\n<script type=\"application\/ld+json\" class=\"yoast-schema-graph\">{\"@context\":\"https:\/\/schema.org\",\"@graph\":[{\"@type\":\"WebPage\",\"@id\":\"https:\/\/wp.desware.com\/seo-optimization\/\",\"url\":\"https:\/\/wp.desware.com\/seo-optimization\/\",\"name\":\"SEO Optimization - DesWare\",\"isPartOf\":{\"@id\":\"https:\/\/wp.desware.com\/#website\"},\"datePublished\":\"2016-02-12T08:13:22+00:00\",\"dateModified\":\"2023-08-12T10:56:26+00:00\",\"description\":\"SEO Optimization benefits your organization and helps boost your revenue. Get in touch today to start making more impact.\",\"breadcrumb\":{\"@id\":\"https:\/\/wp.desware.com\/seo-optimization\/#breadcrumb\"},\"inLanguage\":\"pt-PT\",\"potentialAction\":[{\"@type\":\"ReadAction\",\"target\":[\"https:\/\/wp.desware.com\/seo-optimization\/\"]}]},{\"@type\":\"BreadcrumbList\",\"@id\":\"https:\/\/wp.desware.com\/seo-optimization\/#breadcrumb\",\"itemListElement\":[{\"@type\":\"ListItem\",\"position\":1,\"name\":\"Home\",\"item\":\"https:\/\/wp.desware.com\/\"},{\"@type\":\"ListItem\",\"position\":2,\"name\":\"SEO Optimization\"}]},{\"@type\":\"WebSite\",\"@id\":\"https:\/\/wp.desware.com\/#website\",\"url\":\"https:\/\/wp.desware.com\/\",\"name\":\"DesWare\",\"description\":\"DesWare website\",\"publisher\":{\"@id\":\"https:\/\/wp.desware.com\/#organization\"},\"potentialAction\":[{\"@type\":\"SearchAction\",\"target\":{\"@type\":\"EntryPoint\",\"urlTemplate\":\"https:\/\/wp.desware.com\/?s={search_term_string}\"},\"query-input\":\"required name=search_term_string\"}],\"inLanguage\":\"pt-PT\"},{\"@type\":\"Organization\",\"@id\":\"https:\/\/wp.desware.com\/#organization\",\"name\":\"DesWare\",\"url\":\"https:\/\/wp.desware.com\/\",\"logo\":{\"@type\":\"ImageObject\",\"inLanguage\":\"pt-PT\",\"@id\":\"https:\/\/wp.desware.com\/#\/schema\/logo\/image\/\",\"url\":\"https:\/\/wp.desware.com\/wp-content\/uploads\/2023\/05\/logo@2x.png\",\"contentUrl\":\"https:\/\/wp.desware.com\/wp-content\/uploads\/2023\/05\/logo@2x.png\",\"width\":548,\"height\":160,\"caption\":\"DesWare\"},\"image\":{\"@id\":\"https:\/\/wp.desware.com\/#\/schema\/logo\/image\/\"}}]}<\/script>\n<!-- \/ Yoast SEO plugin. -->","yoast_head_json":{"title":"SEO Optimization - DesWare","description":"SEO Optimization benefits your organization and helps boost your revenue. Get in touch today to start making more impact.","robots":{"index":"index","follow":"follow","max-snippet":"max-snippet:-1","max-image-preview":"max-image-preview:large","max-video-preview":"max-video-preview:-1"},"canonical":"https:\/\/wp.desware.com\/pt\/seo-optimization\/","og_locale":"pt_PT","og_type":"article","og_title":"SEO Optimization - DesWare","og_description":"SEO Optimization benefits your organization and helps boost your revenue. Get in touch today to start making more impact.","og_url":"https:\/\/wp.desware.com\/pt\/seo-optimization\/","og_site_name":"DesWare","article_modified_time":"2023-08-12T10:56:26+00:00","og_image":[{"width":1500,"height":1000,"url":"https:\/\/wp.desware.com\/wp-content\/uploads\/2023\/07\/seo01.jpg","type":"image\/jpeg"}],"twitter_card":"summary_large_image","twitter_misc":{"Est. reading time":"2 minutos"},"schema":{"@context":"https:\/\/schema.org","@graph":[{"@type":"WebPage","@id":"https:\/\/wp.desware.com\/seo-optimization\/","url":"https:\/\/wp.desware.com\/seo-optimization\/","name":"SEO Optimization - DesWare","isPartOf":{"@id":"https:\/\/wp.desware.com\/#website"},"datePublished":"2016-02-12T08:13:22+00:00","dateModified":"2023-08-12T10:56:26+00:00","description":"SEO Optimization benefits your organization and helps boost your revenue. Get in touch today to start making more impact.","breadcrumb":{"@id":"https:\/\/wp.desware.com\/seo-optimization\/#breadcrumb"},"inLanguage":"pt-PT","potentialAction":[{"@type":"ReadAction","target":["https:\/\/wp.desware.com\/seo-optimization\/"]}]},{"@type":"BreadcrumbList","@id":"https:\/\/wp.desware.com\/seo-optimization\/#breadcrumb","itemListElement":[{"@type":"ListItem","position":1,"name":"Home","item":"https:\/\/wp.desware.com\/"},{"@type":"ListItem","position":2,"name":"SEO Optimization"}]},{"@type":"WebSite","@id":"https:\/\/wp.desware.com\/#website","url":"https:\/\/wp.desware.com\/","name":"DesWare","description":"DesWare website","publisher":{"@id":"https:\/\/wp.desware.com\/#organization"},"potentialAction":[{"@type":"SearchAction","target":{"@type":"EntryPoint","urlTemplate":"https:\/\/wp.desware.com\/?s={search_term_string}"},"query-input":"required name=search_term_string"}],"inLanguage":"pt-PT"},{"@type":"Organization","@id":"https:\/\/wp.desware.com\/#organization","name":"DesWare","url":"https:\/\/wp.desware.com\/","logo":{"@type":"ImageObject","inLanguage":"pt-PT","@id":"https:\/\/wp.desware.com\/#\/schema\/logo\/image\/","url":"https:\/\/wp.desware.com\/wp-content\/uploads\/2023\/05\/logo@2x.png","contentUrl":"https:\/\/wp.desware.com\/wp-content\/uploads\/2023\/05\/logo@2x.png","width":548,"height":160,"caption":"DesWare"},"image":{"@id":"https:\/\/wp.desware.com\/#\/schema\/logo\/image\/"}}]}},"_links":{"self":[{"href":"https:\/\/wp.desware.com\/pt\/wp-json\/wp\/v2\/pages\/25","targetHints":{"allow":["GET"]}}],"collection":[{"href":"https:\/\/wp.desware.com\/pt\/wp-json\/wp\/v2\/pages"}],"about":[{"href":"https:\/\/wp.desware.com\/pt\/wp-json\/wp\/v2\/types\/page"}],"author":[{"embeddable":true,"href":"https:\/\/wp.desware.com\/pt\/wp-json\/wp\/v2\/users\/2"}],"replies":[{"embeddable":true,"href":"https:\/\/wp.desware.com\/pt\/wp-json\/wp\/v2\/comments?post=25"}],"version-history":[{"count":4,"href":"https:\/\/wp.desware.com\/pt\/wp-json\/wp\/v2\/pages\/25\/revisions"}],"predecessor-version":[{"id":1538,"href":"https:\/\/wp.desware.com\/pt\/wp-json\/wp\/v2\/pages\/25\/revisions\/1538"}],"wp:featuredmedia":[{"embeddable":true,"href":"https:\/\/wp.desware.com\/pt\/wp-json\/wp\/v2\/media\/1496"}],"wp:attachment":[{"href":"https:\/\/wp.desware.com\/pt\/wp-json\/wp\/v2\/media?parent=25"}],"curies":[{"name":"wp","href":"https:\/\/api.w.org\/{rel}","templated":true}]}}