{"id":23,"date":"2016-02-12T08:12:49","date_gmt":"2016-02-12T08:12:49","guid":{"rendered":"http:\/\/demos.famethemes.com\/onepress-plus\/?page_id=23"},"modified":"2023-07-08T09:19:37","modified_gmt":"2023-07-08T09:19:37","slug":"digital-transformation","status":"publish","type":"page","link":"https:\/\/wp.desware.com\/pt\/digital-transformation\/","title":{"rendered":"Servi\u00e7os de transforma\u00e7\u00e3o digital"},"content":{"rendered":"<p>Desbloqueie o potencial do seu neg\u00f3cio com servi\u00e7os abrangentes de transforma\u00e7\u00e3o digital. Otimize as opera\u00e7\u00f5es, melhore as experi\u00eancias dos clientes e impulsione o crescimento com as nossas solu\u00e7\u00f5es especializadas. <\/p>\n\n\n\n<h3 class=\"wp-block-heading\">What we do:<\/h3>\n\n\n\n<p><strong>Consultoria de Estrat\u00e9gia Digital <\/strong>Oferecemos servi\u00e7os de consultoria estrat\u00e9gica para o ajudar a definir os seus objetivos de transforma\u00e7\u00e3o digital e desenvolver um plano abrangente. Isto envolve compreender os objetivos do seu neg\u00f3cio, avaliar as suas capacidades digitais atuais e identificar oportunidades de melhoria.<\/p>\n\n\n\n<p><strong>Avalia\u00e7\u00e3o e Sele\u00e7\u00e3o de Tecnologia<\/strong> Avaliar e selecionar as tecnologias adequadas \u00e9 um aspeto cr\u00edtico da transforma\u00e7\u00e3o digital. N\u00f3s ajudamos a avaliar o seu panorama tecnol\u00f3gico atual, identificar lacunas e recomendar solu\u00e7\u00f5es adequadas.<\/p>\n\n\n\n<p><strong>Desenvolvimento de Solu\u00e7\u00f5es Personalizadas:<\/strong> Poder\u00e1 necessitar de software personalizado ou desenvolvimento de aplica\u00e7\u00f5es para responder \u00e0s suas necessidades espec\u00edficas de neg\u00f3cio. Podemos desenvolver solu\u00e7\u00f5es \u00e0 medida, que lhe permitem digitalizar as suas opera\u00e7\u00f5es.<\/p>\n\n\n\n<p><strong>Integra\u00e7\u00e3o e Gest\u00e3o de Dados:<\/strong> N\u00f3s ajudamo-lo a integrar diversos sistemas e tecnologias para garantir um fluxo cont\u00ednuo de dados e interoperabilidade. Isso pode envolver a integra\u00e7\u00e3o de sistemas antigos com aplica\u00e7\u00f5es modernas, a liga\u00e7\u00e3o de diferentes plataformas de software ou a implementa\u00e7\u00e3o de solu\u00e7\u00f5es de integra\u00e7\u00e3o e gest\u00e3o de dados. Ao garantir uma troca de dados fluida e acess\u00edvel, ajudamo-lo a obter informa\u00e7\u00f5es valiosas e a tomar decis\u00f5es orientadas por dados.<\/p>\n\n\n\n<p><strong>Gest\u00e3o da Mudan\u00e7a e Forma\u00e7\u00e3o: <\/strong>A transforma\u00e7\u00e3o digital frequentemente exige uma mudan\u00e7a cultural dentro de uma organiza\u00e7\u00e3o. Apoiamos os nossos clientes nos esfor\u00e7os de gest\u00e3o da mudan\u00e7a. Isso pode envolver a realiza\u00e7\u00e3o de programas de forma\u00e7\u00e3o, workshops e sess\u00f5es de sensibiliza\u00e7\u00e3o para capacitar os colaboradores com as compet\u00eancias e conhecimentos necess\u00e1rios. Tamb\u00e9m podemos fornecer apoio cont\u00ednuo para lidar com quaisquer desafios ou resist\u00eancias durante o processo de transforma\u00e7\u00e3o.<\/p>\n\n\n\n<p><strong>Seguran\u00e7a e Gest\u00e3o de Risco:<\/strong> A transforma\u00e7\u00e3o digital traz novos riscos e desafios em ciberseguran\u00e7a. Ajudamos na elabora\u00e7\u00e3o de estrat\u00e9gias de seguran\u00e7a robustas e na implementa\u00e7\u00e3o de medidas para proteger os seus ativos digitais, dados dos clientes e informa\u00e7\u00f5es sens\u00edveis.<\/p>\n\n\n\n<h3 class=\"wp-block-heading\">E quando o projeto estiver conclu\u00eddo, e depois?<\/h3>\n\n\n\n<p><strong>Apoio e Otimiza\u00e7\u00e3o Cont\u00ednuos:<\/strong> A transforma\u00e7\u00e3o digital \u00e9 um processo cont\u00ednuo, e oferecemos apoio constante aos clientes mesmo ap\u00f3s a implementa\u00e7\u00e3o inicial. Isso envolve monitorizar o desempenho do sistema, resolver problemas e erros, fornecer atualiza\u00e7\u00f5es de software e oferecer recomenda\u00e7\u00f5es de otimiza\u00e7\u00e3o.<\/p>\n\n\n\n<p>Aproveite o poder da tecnologia e inova\u00e7\u00e3o para manter-se \u00e0 frente no cen\u00e1rio digital atual. Descubra como os nossos servi\u00e7os personalizados podem revolucionar a sua organiza\u00e7\u00e3o.<\/p>\n\n\n\n<p><a href=\"https:\/\/desware.com\/wp\/#contact\">Contacte-nos<\/a> Hoje, para uma consulta e comece a colher os benef\u00edcios da digitaliza\u00e7\u00e3o.<\/p>","protected":false},"excerpt":{"rendered":"<p>Desbloqueie o potencial do seu neg\u00f3cio com servi\u00e7os abrangentes de transforma\u00e7\u00e3o digital. Otimize as opera\u00e7\u00f5es, melhore as experi\u00eancias dos clientes e impulsione o crescimento com as nossas solu\u00e7\u00f5es especializadas. <\/p>","protected":false},"author":2,"featured_media":1467,"parent":0,"menu_order":0,"comment_status":"closed","ping_status":"closed","template":"","meta":{"footnotes":""},"class_list":["post-23","page","type-page","status-publish","has-post-thumbnail","hentry"],"yoast_head":"<!-- This site is optimized with the Yoast SEO plugin v21.7 - https:\/\/yoast.com\/wordpress\/plugins\/seo\/ -->\n<title>Digital Transformation Services - DesWare<\/title>\n<meta name=\"description\" content=\"Unlock the potential of your business with comprehensive digital transformation services. Streamline operations, enhance customer experiences, and drive growth with our expert solutions. Contact us now for a consultation.\" \/>\n<meta name=\"robots\" content=\"index, follow, max-snippet:-1, max-image-preview:large, max-video-preview:-1\" \/>\n<link rel=\"canonical\" href=\"https:\/\/wp.desware.com\/pt\/digital-transformation\/\" \/>\n<meta property=\"og:locale\" content=\"pt_PT\" \/>\n<meta property=\"og:type\" content=\"article\" \/>\n<meta property=\"og:title\" content=\"Digital Transformation Services - DesWare\" \/>\n<meta property=\"og:description\" content=\"Unlock the potential of your business with comprehensive digital transformation services. Streamline operations, enhance customer experiences, and drive growth with our expert solutions. Contact us now for a consultation.\" \/>\n<meta property=\"og:url\" content=\"https:\/\/wp.desware.com\/pt\/digital-transformation\/\" \/>\n<meta property=\"og:site_name\" content=\"DesWare\" \/>\n<meta property=\"article:modified_time\" content=\"2023-07-08T09:19:37+00:00\" \/>\n<meta property=\"og:image\" content=\"https:\/\/wp.desware.com\/wp-content\/uploads\/2023\/07\/man-with-augmented-reality-w.jpg\" \/>\n\t<meta property=\"og:image:width\" content=\"2000\" \/>\n\t<meta property=\"og:image:height\" content=\"1333\" \/>\n\t<meta property=\"og:image:type\" content=\"image\/jpeg\" \/>\n<meta name=\"twitter:card\" content=\"summary_large_image\" \/>\n<meta name=\"twitter:label1\" content=\"Est. reading time\" \/>\n\t<meta name=\"twitter:data1\" content=\"2 minutos\" \/>\n<script type=\"application\/ld+json\" class=\"yoast-schema-graph\">{\"@context\":\"https:\/\/schema.org\",\"@graph\":[{\"@type\":\"WebPage\",\"@id\":\"https:\/\/wp.desware.com\/digital-transformation\/\",\"url\":\"https:\/\/wp.desware.com\/digital-transformation\/\",\"name\":\"Digital Transformation Services - DesWare\",\"isPartOf\":{\"@id\":\"https:\/\/wp.desware.com\/#website\"},\"datePublished\":\"2016-02-12T08:12:49+00:00\",\"dateModified\":\"2023-07-08T09:19:37+00:00\",\"description\":\"Unlock the potential of your business with comprehensive digital transformation services. Streamline operations, enhance customer experiences, and drive growth with our expert solutions. Contact us now for a consultation.\",\"breadcrumb\":{\"@id\":\"https:\/\/wp.desware.com\/digital-transformation\/#breadcrumb\"},\"inLanguage\":\"pt-PT\",\"potentialAction\":[{\"@type\":\"ReadAction\",\"target\":[\"https:\/\/wp.desware.com\/digital-transformation\/\"]}]},{\"@type\":\"BreadcrumbList\",\"@id\":\"https:\/\/wp.desware.com\/digital-transformation\/#breadcrumb\",\"itemListElement\":[{\"@type\":\"ListItem\",\"position\":1,\"name\":\"Home\",\"item\":\"https:\/\/wp.desware.com\/\"},{\"@type\":\"ListItem\",\"position\":2,\"name\":\"Digital Transformation Services\"}]},{\"@type\":\"WebSite\",\"@id\":\"https:\/\/wp.desware.com\/#website\",\"url\":\"https:\/\/wp.desware.com\/\",\"name\":\"DesWare\",\"description\":\"DesWare website\",\"publisher\":{\"@id\":\"https:\/\/wp.desware.com\/#organization\"},\"potentialAction\":[{\"@type\":\"SearchAction\",\"target\":{\"@type\":\"EntryPoint\",\"urlTemplate\":\"https:\/\/wp.desware.com\/?s={search_term_string}\"},\"query-input\":\"required name=search_term_string\"}],\"inLanguage\":\"pt-PT\"},{\"@type\":\"Organization\",\"@id\":\"https:\/\/wp.desware.com\/#organization\",\"name\":\"DesWare\",\"url\":\"https:\/\/wp.desware.com\/\",\"logo\":{\"@type\":\"ImageObject\",\"inLanguage\":\"pt-PT\",\"@id\":\"https:\/\/wp.desware.com\/#\/schema\/logo\/image\/\",\"url\":\"https:\/\/wp.desware.com\/wp-content\/uploads\/2023\/05\/logo@2x.png\",\"contentUrl\":\"https:\/\/wp.desware.com\/wp-content\/uploads\/2023\/05\/logo@2x.png\",\"width\":548,\"height\":160,\"caption\":\"DesWare\"},\"image\":{\"@id\":\"https:\/\/wp.desware.com\/#\/schema\/logo\/image\/\"}}]}<\/script>\n<!-- \/ Yoast SEO plugin. -->","yoast_head_json":{"title":"Digital Transformation Services - DesWare","description":"Unlock the potential of your business with comprehensive digital transformation services. Streamline operations, enhance customer experiences, and drive growth with our expert solutions. Contact us now for a consultation.","robots":{"index":"index","follow":"follow","max-snippet":"max-snippet:-1","max-image-preview":"max-image-preview:large","max-video-preview":"max-video-preview:-1"},"canonical":"https:\/\/wp.desware.com\/pt\/digital-transformation\/","og_locale":"pt_PT","og_type":"article","og_title":"Digital Transformation Services - DesWare","og_description":"Unlock the potential of your business with comprehensive digital transformation services. Streamline operations, enhance customer experiences, and drive growth with our expert solutions. Contact us now for a consultation.","og_url":"https:\/\/wp.desware.com\/pt\/digital-transformation\/","og_site_name":"DesWare","article_modified_time":"2023-07-08T09:19:37+00:00","og_image":[{"width":2000,"height":1333,"url":"https:\/\/wp.desware.com\/wp-content\/uploads\/2023\/07\/man-with-augmented-reality-w.jpg","type":"image\/jpeg"}],"twitter_card":"summary_large_image","twitter_misc":{"Est. reading time":"2 minutos"},"schema":{"@context":"https:\/\/schema.org","@graph":[{"@type":"WebPage","@id":"https:\/\/wp.desware.com\/digital-transformation\/","url":"https:\/\/wp.desware.com\/digital-transformation\/","name":"Digital Transformation Services - DesWare","isPartOf":{"@id":"https:\/\/wp.desware.com\/#website"},"datePublished":"2016-02-12T08:12:49+00:00","dateModified":"2023-07-08T09:19:37+00:00","description":"Unlock the potential of your business with comprehensive digital transformation services. Streamline operations, enhance customer experiences, and drive growth with our expert solutions. Contact us now for a consultation.","breadcrumb":{"@id":"https:\/\/wp.desware.com\/digital-transformation\/#breadcrumb"},"inLanguage":"pt-PT","potentialAction":[{"@type":"ReadAction","target":["https:\/\/wp.desware.com\/digital-transformation\/"]}]},{"@type":"BreadcrumbList","@id":"https:\/\/wp.desware.com\/digital-transformation\/#breadcrumb","itemListElement":[{"@type":"ListItem","position":1,"name":"Home","item":"https:\/\/wp.desware.com\/"},{"@type":"ListItem","position":2,"name":"Digital Transformation Services"}]},{"@type":"WebSite","@id":"https:\/\/wp.desware.com\/#website","url":"https:\/\/wp.desware.com\/","name":"DesWare","description":"DesWare website","publisher":{"@id":"https:\/\/wp.desware.com\/#organization"},"potentialAction":[{"@type":"SearchAction","target":{"@type":"EntryPoint","urlTemplate":"https:\/\/wp.desware.com\/?s={search_term_string}"},"query-input":"required name=search_term_string"}],"inLanguage":"pt-PT"},{"@type":"Organization","@id":"https:\/\/wp.desware.com\/#organization","name":"DesWare","url":"https:\/\/wp.desware.com\/","logo":{"@type":"ImageObject","inLanguage":"pt-PT","@id":"https:\/\/wp.desware.com\/#\/schema\/logo\/image\/","url":"https:\/\/wp.desware.com\/wp-content\/uploads\/2023\/05\/logo@2x.png","contentUrl":"https:\/\/wp.desware.com\/wp-content\/uploads\/2023\/05\/logo@2x.png","width":548,"height":160,"caption":"DesWare"},"image":{"@id":"https:\/\/wp.desware.com\/#\/schema\/logo\/image\/"}}]}},"_links":{"self":[{"href":"https:\/\/wp.desware.com\/pt\/wp-json\/wp\/v2\/pages\/23","targetHints":{"allow":["GET"]}}],"collection":[{"href":"https:\/\/wp.desware.com\/pt\/wp-json\/wp\/v2\/pages"}],"about":[{"href":"https:\/\/wp.desware.com\/pt\/wp-json\/wp\/v2\/types\/page"}],"author":[{"embeddable":true,"href":"https:\/\/wp.desware.com\/pt\/wp-json\/wp\/v2\/users\/2"}],"replies":[{"embeddable":true,"href":"https:\/\/wp.desware.com\/pt\/wp-json\/wp\/v2\/comments?post=23"}],"version-history":[{"count":4,"href":"https:\/\/wp.desware.com\/pt\/wp-json\/wp\/v2\/pages\/23\/revisions"}],"predecessor-version":[{"id":1472,"href":"https:\/\/wp.desware.com\/pt\/wp-json\/wp\/v2\/pages\/23\/revisions\/1472"}],"wp:featuredmedia":[{"embeddable":true,"href":"https:\/\/wp.desware.com\/pt\/wp-json\/wp\/v2\/media\/1467"}],"wp:attachment":[{"href":"https:\/\/wp.desware.com\/pt\/wp-json\/wp\/v2\/media?parent=23"}],"curies":[{"name":"wp","href":"https:\/\/api.w.org\/{rel}","templated":true}]}}