{"id":22,"date":"2016-02-12T08:11:05","date_gmt":"2016-02-12T08:11:05","guid":{"rendered":"http:\/\/demos.famethemes.com\/onepress-plus\/?page_id=22"},"modified":"2023-07-08T11:41:58","modified_gmt":"2023-07-08T11:41:58","slug":"our-vision","status":"publish","type":"page","link":"https:\/\/wp.desware.com\/pt\/our-vision\/","title":{"rendered":"Vis\u00e3o"},"content":{"rendered":"<p>Na DesWare, a nossa vis\u00e3o \u00e9 capacitar empresas de diversos setores a prosperar na era digital, fornecendo uma transforma\u00e7\u00e3o digital abrangente, consultoria, servi\u00e7os de seguran\u00e7a de dados e solu\u00e7\u00f5es de alojamento na internet.<\/p>\n\n\n\n<p>Vislumbramos um futuro onde as organiza\u00e7\u00f5es se adaptem perfeitamente aos avan\u00e7os tecnol\u00f3gicos r\u00e1pidos, aproveitando o seu potencial para impulsionar a inova\u00e7\u00e3o, o crescimento e a efici\u00eancia operacional.<\/p>\n\n\n\n<p>A nossa vis\u00e3o \u00e9 ser o catalisador da transforma\u00e7\u00e3o digital, capacitando empresas a desbloquear novos n\u00edveis de crescimento e sucesso num cen\u00e1rio digital em constante evolu\u00e7\u00e3o.<\/p>\n\n\n\n<p>Al\u00e9m disso, comprometemo-nos a capacitar as empresas a inovar, colaborar e competir na era digital, fornecendo solu\u00e7\u00f5es abrangentes de alojamento na internet e seguran\u00e7a de dados.<\/p>\n\n\n\n<h4 class=\"wp-block-heading\"><strong><em>Fornecemos solu\u00e7\u00f5es de ponta a ponta.<\/em><\/strong><\/h4>\n\n\n\n<p>Mais importante ainda, cumprimos as nossas promessas e vivemos pelas palavras que proferimos. <\/p>\n\n\n\n<p>Al\u00e9m disso, como parceiro de confian\u00e7a, comprometemo-nos a orientar os nossos clientes ao longo da sua jornada digital, permitindo-lhes alcan\u00e7ar vantagens competitivas sustent\u00e1veis e transformar os seus neg\u00f3cios em entidades \u00e1geis e centradas no cliente.<\/p>\n\n\n\n<p>Resumindo, dedicamo-nos a fornecer servi\u00e7os de consultoria especializados que preenchem a lacuna entre a estrat\u00e9gia e a execu\u00e7\u00e3o.<\/p>\n\n\n\n<p>Tamb\u00e9m, a nossa equipa de profissionais altamente qualificados colabora de perto com os nossos clientes, oferecendo insights personalizados, orienta\u00e7\u00e3o estrat\u00e9gica e solu\u00e7\u00f5es pr\u00e1ticas para enfrentar os seus desafios \u00fanicos. <\/p>\n\n\n\n<p>Finalmente, acreditamos em promover parcerias s\u00f3lidas e trabalhar em conjunto com os nossos clientes para co-criar estrat\u00e9gias transformadoras que proporcionem resultados comerciais sustent\u00e1veis.<\/p>\n\n\n\n<p><a href=\"https:\/\/desware.com\/wp\/#contact\">Contacte-nos<\/a> para embarcar na sua jornada de transforma\u00e7\u00e3o digital. <\/p>","protected":false},"excerpt":{"rendered":"<p>A nossa vis\u00e3o \u00e9 ser o catalisador da transforma\u00e7\u00e3o digital, capacitando as empresas a aproveitar todo o potencial da tecnologia para desbloquear novos n\u00edveis de crescimento e sucesso num cen\u00e1rio digital em constante evolu\u00e7\u00e3o. Fornecemos solu\u00e7\u00f5es completas.<\/p>","protected":false},"author":2,"featured_media":1486,"parent":0,"menu_order":0,"comment_status":"closed","ping_status":"closed","template":"","meta":{"footnotes":""},"class_list":["post-22","page","type-page","status-publish","has-post-thumbnail","hentry"],"yoast_head":"<!-- This site is optimized with the Yoast SEO plugin v21.7 - https:\/\/yoast.com\/wordpress\/plugins\/seo\/ -->\n<title>Our Vision - DesWare<\/title>\n<meta name=\"description\" content=\"Our vision is to be the catalyst for digital transformation, empowering businesses to harness their full potential.\" \/>\n<meta name=\"robots\" content=\"index, follow, max-snippet:-1, max-image-preview:large, max-video-preview:-1\" \/>\n<link rel=\"canonical\" href=\"https:\/\/wp.desware.com\/pt\/our-vision\/\" \/>\n<meta property=\"og:locale\" content=\"pt_PT\" \/>\n<meta property=\"og:type\" content=\"article\" \/>\n<meta property=\"og:title\" content=\"Our Vision - DesWare\" \/>\n<meta property=\"og:description\" content=\"Our vision is to be the catalyst for digital transformation, empowering businesses to harness their full potential.\" \/>\n<meta property=\"og:url\" content=\"https:\/\/wp.desware.com\/pt\/our-vision\/\" \/>\n<meta property=\"og:site_name\" content=\"DesWare\" \/>\n<meta property=\"article:modified_time\" content=\"2023-07-08T11:41:58+00:00\" \/>\n<meta property=\"og:image\" content=\"https:\/\/wp.desware.com\/wp-content\/uploads\/2023\/07\/vision-w-01.jpg\" \/>\n\t<meta property=\"og:image:width\" content=\"2000\" \/>\n\t<meta property=\"og:image:height\" content=\"1333\" \/>\n\t<meta property=\"og:image:type\" content=\"image\/jpeg\" \/>\n<meta name=\"twitter:card\" content=\"summary_large_image\" \/>\n<meta name=\"twitter:label1\" content=\"Est. reading time\" \/>\n\t<meta name=\"twitter:data1\" content=\"1 minuto\" \/>\n<script type=\"application\/ld+json\" class=\"yoast-schema-graph\">{\"@context\":\"https:\/\/schema.org\",\"@graph\":[{\"@type\":\"WebPage\",\"@id\":\"https:\/\/wp.desware.com\/our-vision\/\",\"url\":\"https:\/\/wp.desware.com\/our-vision\/\",\"name\":\"Our Vision - DesWare\",\"isPartOf\":{\"@id\":\"https:\/\/wp.desware.com\/#website\"},\"datePublished\":\"2016-02-12T08:11:05+00:00\",\"dateModified\":\"2023-07-08T11:41:58+00:00\",\"description\":\"Our vision is to be the catalyst for digital transformation, empowering businesses to harness their full potential.\",\"breadcrumb\":{\"@id\":\"https:\/\/wp.desware.com\/our-vision\/#breadcrumb\"},\"inLanguage\":\"pt-PT\",\"potentialAction\":[{\"@type\":\"ReadAction\",\"target\":[\"https:\/\/wp.desware.com\/our-vision\/\"]}]},{\"@type\":\"BreadcrumbList\",\"@id\":\"https:\/\/wp.desware.com\/our-vision\/#breadcrumb\",\"itemListElement\":[{\"@type\":\"ListItem\",\"position\":1,\"name\":\"Home\",\"item\":\"https:\/\/wp.desware.com\/\"},{\"@type\":\"ListItem\",\"position\":2,\"name\":\"Our Vision\"}]},{\"@type\":\"WebSite\",\"@id\":\"https:\/\/wp.desware.com\/#website\",\"url\":\"https:\/\/wp.desware.com\/\",\"name\":\"DesWare\",\"description\":\"DesWare website\",\"publisher\":{\"@id\":\"https:\/\/wp.desware.com\/#organization\"},\"potentialAction\":[{\"@type\":\"SearchAction\",\"target\":{\"@type\":\"EntryPoint\",\"urlTemplate\":\"https:\/\/wp.desware.com\/?s={search_term_string}\"},\"query-input\":\"required name=search_term_string\"}],\"inLanguage\":\"pt-PT\"},{\"@type\":\"Organization\",\"@id\":\"https:\/\/wp.desware.com\/#organization\",\"name\":\"DesWare\",\"url\":\"https:\/\/wp.desware.com\/\",\"logo\":{\"@type\":\"ImageObject\",\"inLanguage\":\"pt-PT\",\"@id\":\"https:\/\/wp.desware.com\/#\/schema\/logo\/image\/\",\"url\":\"https:\/\/wp.desware.com\/wp-content\/uploads\/2023\/05\/logo@2x.png\",\"contentUrl\":\"https:\/\/wp.desware.com\/wp-content\/uploads\/2023\/05\/logo@2x.png\",\"width\":548,\"height\":160,\"caption\":\"DesWare\"},\"image\":{\"@id\":\"https:\/\/wp.desware.com\/#\/schema\/logo\/image\/\"}}]}<\/script>\n<!-- \/ Yoast SEO plugin. -->","yoast_head_json":{"title":"Our Vision - DesWare","description":"Our vision is to be the catalyst for digital transformation, empowering businesses to harness their full potential.","robots":{"index":"index","follow":"follow","max-snippet":"max-snippet:-1","max-image-preview":"max-image-preview:large","max-video-preview":"max-video-preview:-1"},"canonical":"https:\/\/wp.desware.com\/pt\/our-vision\/","og_locale":"pt_PT","og_type":"article","og_title":"Our Vision - DesWare","og_description":"Our vision is to be the catalyst for digital transformation, empowering businesses to harness their full potential.","og_url":"https:\/\/wp.desware.com\/pt\/our-vision\/","og_site_name":"DesWare","article_modified_time":"2023-07-08T11:41:58+00:00","og_image":[{"width":2000,"height":1333,"url":"https:\/\/wp.desware.com\/wp-content\/uploads\/2023\/07\/vision-w-01.jpg","type":"image\/jpeg"}],"twitter_card":"summary_large_image","twitter_misc":{"Est. reading time":"1 minuto"},"schema":{"@context":"https:\/\/schema.org","@graph":[{"@type":"WebPage","@id":"https:\/\/wp.desware.com\/our-vision\/","url":"https:\/\/wp.desware.com\/our-vision\/","name":"Our Vision - DesWare","isPartOf":{"@id":"https:\/\/wp.desware.com\/#website"},"datePublished":"2016-02-12T08:11:05+00:00","dateModified":"2023-07-08T11:41:58+00:00","description":"Our vision is to be the catalyst for digital transformation, empowering businesses to harness their full potential.","breadcrumb":{"@id":"https:\/\/wp.desware.com\/our-vision\/#breadcrumb"},"inLanguage":"pt-PT","potentialAction":[{"@type":"ReadAction","target":["https:\/\/wp.desware.com\/our-vision\/"]}]},{"@type":"BreadcrumbList","@id":"https:\/\/wp.desware.com\/our-vision\/#breadcrumb","itemListElement":[{"@type":"ListItem","position":1,"name":"Home","item":"https:\/\/wp.desware.com\/"},{"@type":"ListItem","position":2,"name":"Our Vision"}]},{"@type":"WebSite","@id":"https:\/\/wp.desware.com\/#website","url":"https:\/\/wp.desware.com\/","name":"DesWare","description":"DesWare website","publisher":{"@id":"https:\/\/wp.desware.com\/#organization"},"potentialAction":[{"@type":"SearchAction","target":{"@type":"EntryPoint","urlTemplate":"https:\/\/wp.desware.com\/?s={search_term_string}"},"query-input":"required name=search_term_string"}],"inLanguage":"pt-PT"},{"@type":"Organization","@id":"https:\/\/wp.desware.com\/#organization","name":"DesWare","url":"https:\/\/wp.desware.com\/","logo":{"@type":"ImageObject","inLanguage":"pt-PT","@id":"https:\/\/wp.desware.com\/#\/schema\/logo\/image\/","url":"https:\/\/wp.desware.com\/wp-content\/uploads\/2023\/05\/logo@2x.png","contentUrl":"https:\/\/wp.desware.com\/wp-content\/uploads\/2023\/05\/logo@2x.png","width":548,"height":160,"caption":"DesWare"},"image":{"@id":"https:\/\/wp.desware.com\/#\/schema\/logo\/image\/"}}]}},"_links":{"self":[{"href":"https:\/\/wp.desware.com\/pt\/wp-json\/wp\/v2\/pages\/22","targetHints":{"allow":["GET"]}}],"collection":[{"href":"https:\/\/wp.desware.com\/pt\/wp-json\/wp\/v2\/pages"}],"about":[{"href":"https:\/\/wp.desware.com\/pt\/wp-json\/wp\/v2\/types\/page"}],"author":[{"embeddable":true,"href":"https:\/\/wp.desware.com\/pt\/wp-json\/wp\/v2\/users\/2"}],"replies":[{"embeddable":true,"href":"https:\/\/wp.desware.com\/pt\/wp-json\/wp\/v2\/comments?post=22"}],"version-history":[{"count":5,"href":"https:\/\/wp.desware.com\/pt\/wp-json\/wp\/v2\/pages\/22\/revisions"}],"predecessor-version":[{"id":1495,"href":"https:\/\/wp.desware.com\/pt\/wp-json\/wp\/v2\/pages\/22\/revisions\/1495"}],"wp:featuredmedia":[{"embeddable":true,"href":"https:\/\/wp.desware.com\/pt\/wp-json\/wp\/v2\/media\/1486"}],"wp:attachment":[{"href":"https:\/\/wp.desware.com\/pt\/wp-json\/wp\/v2\/media?parent=22"}],"curies":[{"name":"wp","href":"https:\/\/api.w.org\/{rel}","templated":true}]}}