{"id":21,"date":"2016-02-12T08:10:47","date_gmt":"2016-02-12T08:10:47","guid":{"rendered":"http:\/\/demos.famethemes.com\/onepress-plus\/?page_id=21"},"modified":"2023-07-10T12:08:29","modified_gmt":"2023-07-10T12:08:29","slug":"our-mission","status":"publish","type":"page","link":"https:\/\/wp.desware.com\/pt\/our-mission\/","title":{"rendered":"Miss\u00e3o"},"content":{"rendered":"<p>A nossa miss\u00e3o \u00e9 capacitar empresas atrav\u00e9s da disponibiliza\u00e7\u00e3o de solu\u00e7\u00f5es inovadoras de transforma\u00e7\u00e3o digital, seguran\u00e7a e internet. Criamos ativamente um mundo seguro, conectado e digitalmente transformado atrav\u00e9s da oferta de tecnologias de ponta e servi\u00e7os excecionais.<\/p>\n\n\n\n<p>Esfor\u00e7amo-nos por nos estabelecer como um parceiro de confian\u00e7a para organiza\u00e7\u00f5es que navegam pelo cen\u00e1rio digital em constante evolu\u00e7\u00e3o. A nossa gama de solu\u00e7\u00f5es engloba estrat\u00e9gias abrangentes de transforma\u00e7\u00e3o digital, medidas robustas de seguran\u00e7a e solu\u00e7\u00f5es avan\u00e7adas de internet adaptadas para enfrentar as necessidades e desafios \u00fanicos dos nossos clientes.<\/p>\n\n\n\n<p>Al\u00e9m disso, com um compromisso inabal\u00e1vel com a excel\u00eancia, aproveitamos o poder da tecnologia para impulsionar o crescimento, a efici\u00eancia e a produtividade para os nossos clientes. <\/p>\n\n\n\n<p>Adicionalmente, acreditamos firmemente que a ado\u00e7\u00e3o da transforma\u00e7\u00e3o digital permite \u00e0s organiza\u00e7\u00f5es desbloquear todo o seu potencial, adaptar-se \u00e0 mudan\u00e7a e aproveitar novas oportunidades na era digital.<\/p>\n\n\n\n<h3 class=\"wp-block-heading\">O que mais esperar?<\/h3>\n\n\n\n<p>Impulsionados por uma abordagem centrada no cliente, ouvimos atentamente os nossos clientes, compreendemos os seus objetivos e adaptamos as nossas solu\u00e7\u00f5es para satisfazer as suas necessidades \u00fanicas. A nossa equipa de especialistas, dotada de amplo conhecimento da ind\u00fastria e experi\u00eancia t\u00e9cnica, fornecer\u00e1 solu\u00e7\u00f5es personalizadas, fi\u00e1veis e escal\u00e1veis que superam as expetativas dos nossos clientes.<\/p>\n\n\n\n<p>Al\u00e9m disso, reconhecemos o papel vital da internet no mundo interligado de hoje. Concebemos as nossas solu\u00e7\u00f5es de internet para permitir uma conectividade sem falhas, potenciar a colabora\u00e7\u00e3o e otimizar as experi\u00eancias online. Tiramos partido dos mais recentes avan\u00e7os em tecnologias de rede para garantir uma liga\u00e7\u00e3o \u00e0 internet de alta velocidade, fi\u00e1vel e segura para os nossos clientes.<\/p>\n\n\n\n<p>Adicionalmente, no cerne de tudo o que fazemos reside uma dedica\u00e7\u00e3o \u00e0 seguran\u00e7a. Priorizamos a prote\u00e7\u00e3o dos ativos digitais e das informa\u00e7\u00f5es sens\u00edveis dos nossos clientes, garantindo que as suas opera\u00e7\u00f5es permane\u00e7am resilientes perante as amea\u00e7as cibern\u00e9ticas em constante evolu\u00e7\u00e3o. Atrav\u00e9s da utiliza\u00e7\u00e3o de pr\u00e1ticas l\u00edderes na ind\u00fastria e tecnologias de ponta, fornecemos solu\u00e7\u00f5es abrangentes de seguran\u00e7a que mitigam os riscos e protegem os dados valiosos.<\/p>\n\n\n\n<p>Al\u00e9m disso, os nossos valores fundamentais de integridade, inova\u00e7\u00e3o e excel\u00eancia s\u00e3o um farol que nos guia em todas as nossas iniciativas. Continuamos constantemente a ultrapassar os limites do que \u00e9 poss\u00edvel, abra\u00e7amos as tecnologias emergentes e mantemo-nos na vanguarda da revolu\u00e7\u00e3o digital.<\/p>\n\n\n\n<p>Por \u00faltimo, juntamente com os nossos clientes, embarcamos numa jornada transformadora, revolucionando neg\u00f3cios, refor\u00e7ando a seguran\u00e7a e conectando o mundo de formas inimagin\u00e1veis. Junte-se a n\u00f3s para moldar um futuro digital onde as organiza\u00e7\u00f5es prosperam, a seguran\u00e7a \u00e9 primordial e o poder da internet \u00e9 aproveitado ao m\u00e1ximo.<\/p>\n\n\n\n<p>N\u00e3o hesite em c<a href=\"https:\/\/www.desware.com\/wp\/#contact\">ontact us<\/a>\u00a0para saber mais sobre como podemos apoiar a sua evolu\u00e7\u00e3o.<\/p>","protected":false},"excerpt":{"rendered":"<p>Esfor\u00e7amo-nos por ser um parceiro de confian\u00e7a para organiza\u00e7\u00f5es que procuram navegar por um mundo digital em constante evolu\u00e7\u00e3o. A nossa ampla gama de solu\u00e7\u00f5es abrange estrat\u00e9gias de transforma\u00e7\u00e3o digital, medidas de seguran\u00e7a robustas e solu\u00e7\u00f5es avan\u00e7adas de internet adaptadas para satisfazer as necessidades e desafios \u00fanicos dos nossos clientes.<\/p>","protected":false},"author":2,"featured_media":1515,"parent":0,"menu_order":0,"comment_status":"closed","ping_status":"closed","template":"","meta":{"footnotes":""},"class_list":["post-21","page","type-page","status-publish","has-post-thumbnail","hentry"],"yoast_head":"<!-- This site is optimized with the Yoast SEO plugin v21.7 - https:\/\/yoast.com\/wordpress\/plugins\/seo\/ -->\n<title>Our Mission - DesWare<\/title>\n<meta name=\"description\" content=\"Our mission is to empower businesses by providing innovative digital transformation, security, and internet solutions.\" \/>\n<meta name=\"robots\" content=\"index, follow, max-snippet:-1, max-image-preview:large, max-video-preview:-1\" \/>\n<link rel=\"canonical\" href=\"https:\/\/wp.desware.com\/pt\/our-mission\/\" \/>\n<meta property=\"og:locale\" content=\"pt_PT\" \/>\n<meta property=\"og:type\" content=\"article\" \/>\n<meta property=\"og:title\" content=\"Our Mission - DesWare\" \/>\n<meta property=\"og:description\" content=\"Our mission is to empower businesses by providing innovative digital transformation, security, and internet solutions.\" \/>\n<meta property=\"og:url\" content=\"https:\/\/wp.desware.com\/pt\/our-mission\/\" \/>\n<meta property=\"og:site_name\" content=\"DesWare\" \/>\n<meta property=\"article:modified_time\" content=\"2023-07-10T12:08:29+00:00\" \/>\n<meta property=\"og:image\" content=\"https:\/\/wp.desware.com\/wp-content\/uploads\/2023\/07\/mission01.jpg\" \/>\n\t<meta property=\"og:image:width\" content=\"1500\" \/>\n\t<meta property=\"og:image:height\" content=\"820\" \/>\n\t<meta property=\"og:image:type\" content=\"image\/jpeg\" \/>\n<meta name=\"twitter:card\" content=\"summary_large_image\" \/>\n<meta name=\"twitter:label1\" content=\"Est. reading time\" \/>\n\t<meta name=\"twitter:data1\" content=\"2 minutos\" \/>\n<script type=\"application\/ld+json\" class=\"yoast-schema-graph\">{\"@context\":\"https:\/\/schema.org\",\"@graph\":[{\"@type\":\"WebPage\",\"@id\":\"https:\/\/wp.desware.com\/our-mission\/\",\"url\":\"https:\/\/wp.desware.com\/our-mission\/\",\"name\":\"Our Mission - DesWare\",\"isPartOf\":{\"@id\":\"https:\/\/wp.desware.com\/#website\"},\"datePublished\":\"2016-02-12T08:10:47+00:00\",\"dateModified\":\"2023-07-10T12:08:29+00:00\",\"description\":\"Our mission is to empower businesses by providing innovative digital transformation, security, and internet solutions.\",\"breadcrumb\":{\"@id\":\"https:\/\/wp.desware.com\/our-mission\/#breadcrumb\"},\"inLanguage\":\"pt-PT\",\"potentialAction\":[{\"@type\":\"ReadAction\",\"target\":[\"https:\/\/wp.desware.com\/our-mission\/\"]}]},{\"@type\":\"BreadcrumbList\",\"@id\":\"https:\/\/wp.desware.com\/our-mission\/#breadcrumb\",\"itemListElement\":[{\"@type\":\"ListItem\",\"position\":1,\"name\":\"Home\",\"item\":\"https:\/\/wp.desware.com\/\"},{\"@type\":\"ListItem\",\"position\":2,\"name\":\"Our Mission\"}]},{\"@type\":\"WebSite\",\"@id\":\"https:\/\/wp.desware.com\/#website\",\"url\":\"https:\/\/wp.desware.com\/\",\"name\":\"DesWare\",\"description\":\"DesWare website\",\"publisher\":{\"@id\":\"https:\/\/wp.desware.com\/#organization\"},\"potentialAction\":[{\"@type\":\"SearchAction\",\"target\":{\"@type\":\"EntryPoint\",\"urlTemplate\":\"https:\/\/wp.desware.com\/?s={search_term_string}\"},\"query-input\":\"required name=search_term_string\"}],\"inLanguage\":\"pt-PT\"},{\"@type\":\"Organization\",\"@id\":\"https:\/\/wp.desware.com\/#organization\",\"name\":\"DesWare\",\"url\":\"https:\/\/wp.desware.com\/\",\"logo\":{\"@type\":\"ImageObject\",\"inLanguage\":\"pt-PT\",\"@id\":\"https:\/\/wp.desware.com\/#\/schema\/logo\/image\/\",\"url\":\"https:\/\/wp.desware.com\/wp-content\/uploads\/2023\/05\/logo@2x.png\",\"contentUrl\":\"https:\/\/wp.desware.com\/wp-content\/uploads\/2023\/05\/logo@2x.png\",\"width\":548,\"height\":160,\"caption\":\"DesWare\"},\"image\":{\"@id\":\"https:\/\/wp.desware.com\/#\/schema\/logo\/image\/\"}}]}<\/script>\n<!-- \/ Yoast SEO plugin. -->","yoast_head_json":{"title":"Our Mission - DesWare","description":"Our mission is to empower businesses by providing innovative digital transformation, security, and internet solutions.","robots":{"index":"index","follow":"follow","max-snippet":"max-snippet:-1","max-image-preview":"max-image-preview:large","max-video-preview":"max-video-preview:-1"},"canonical":"https:\/\/wp.desware.com\/pt\/our-mission\/","og_locale":"pt_PT","og_type":"article","og_title":"Our Mission - DesWare","og_description":"Our mission is to empower businesses by providing innovative digital transformation, security, and internet solutions.","og_url":"https:\/\/wp.desware.com\/pt\/our-mission\/","og_site_name":"DesWare","article_modified_time":"2023-07-10T12:08:29+00:00","og_image":[{"width":1500,"height":820,"url":"https:\/\/wp.desware.com\/wp-content\/uploads\/2023\/07\/mission01.jpg","type":"image\/jpeg"}],"twitter_card":"summary_large_image","twitter_misc":{"Est. reading time":"2 minutos"},"schema":{"@context":"https:\/\/schema.org","@graph":[{"@type":"WebPage","@id":"https:\/\/wp.desware.com\/our-mission\/","url":"https:\/\/wp.desware.com\/our-mission\/","name":"Our Mission - DesWare","isPartOf":{"@id":"https:\/\/wp.desware.com\/#website"},"datePublished":"2016-02-12T08:10:47+00:00","dateModified":"2023-07-10T12:08:29+00:00","description":"Our mission is to empower businesses by providing innovative digital transformation, security, and internet solutions.","breadcrumb":{"@id":"https:\/\/wp.desware.com\/our-mission\/#breadcrumb"},"inLanguage":"pt-PT","potentialAction":[{"@type":"ReadAction","target":["https:\/\/wp.desware.com\/our-mission\/"]}]},{"@type":"BreadcrumbList","@id":"https:\/\/wp.desware.com\/our-mission\/#breadcrumb","itemListElement":[{"@type":"ListItem","position":1,"name":"Home","item":"https:\/\/wp.desware.com\/"},{"@type":"ListItem","position":2,"name":"Our Mission"}]},{"@type":"WebSite","@id":"https:\/\/wp.desware.com\/#website","url":"https:\/\/wp.desware.com\/","name":"DesWare","description":"DesWare website","publisher":{"@id":"https:\/\/wp.desware.com\/#organization"},"potentialAction":[{"@type":"SearchAction","target":{"@type":"EntryPoint","urlTemplate":"https:\/\/wp.desware.com\/?s={search_term_string}"},"query-input":"required name=search_term_string"}],"inLanguage":"pt-PT"},{"@type":"Organization","@id":"https:\/\/wp.desware.com\/#organization","name":"DesWare","url":"https:\/\/wp.desware.com\/","logo":{"@type":"ImageObject","inLanguage":"pt-PT","@id":"https:\/\/wp.desware.com\/#\/schema\/logo\/image\/","url":"https:\/\/wp.desware.com\/wp-content\/uploads\/2023\/05\/logo@2x.png","contentUrl":"https:\/\/wp.desware.com\/wp-content\/uploads\/2023\/05\/logo@2x.png","width":548,"height":160,"caption":"DesWare"},"image":{"@id":"https:\/\/wp.desware.com\/#\/schema\/logo\/image\/"}}]}},"_links":{"self":[{"href":"https:\/\/wp.desware.com\/pt\/wp-json\/wp\/v2\/pages\/21","targetHints":{"allow":["GET"]}}],"collection":[{"href":"https:\/\/wp.desware.com\/pt\/wp-json\/wp\/v2\/pages"}],"about":[{"href":"https:\/\/wp.desware.com\/pt\/wp-json\/wp\/v2\/types\/page"}],"author":[{"embeddable":true,"href":"https:\/\/wp.desware.com\/pt\/wp-json\/wp\/v2\/users\/2"}],"replies":[{"embeddable":true,"href":"https:\/\/wp.desware.com\/pt\/wp-json\/wp\/v2\/comments?post=21"}],"version-history":[{"count":5,"href":"https:\/\/wp.desware.com\/pt\/wp-json\/wp\/v2\/pages\/21\/revisions"}],"predecessor-version":[{"id":1517,"href":"https:\/\/wp.desware.com\/pt\/wp-json\/wp\/v2\/pages\/21\/revisions\/1517"}],"wp:featuredmedia":[{"embeddable":true,"href":"https:\/\/wp.desware.com\/pt\/wp-json\/wp\/v2\/media\/1515"}],"wp:attachment":[{"href":"https:\/\/wp.desware.com\/pt\/wp-json\/wp\/v2\/media?parent=21"}],"curies":[{"name":"wp","href":"https:\/\/api.w.org\/{rel}","templated":true}]}}