{"id":17,"date":"2016-02-12T08:09:36","date_gmt":"2016-02-12T08:09:36","guid":{"rendered":"http:\/\/demos.famethemes.com\/onepress-plus\/?page_id=17"},"modified":"2023-07-10T16:26:39","modified_gmt":"2023-07-10T16:26:39","slug":"our-history","status":"publish","type":"page","link":"https:\/\/wp.desware.com\/pt\/our-history\/","title":{"rendered":"Historial"},"content":{"rendered":"<p>DesWare Lda. \u00e9 uma empresa portuguesa com atividade internacional. Criada em Fevereiro de 2003.<\/p>\n\n\n\n<p>No in\u00edcio, a DesWare Lda. concentrava-se em fornecer servi\u00e7os de TI e distribuir equipamentos de computador. Com o tempo, transformamo-nos numa empresa de consultoria especializada que oferece servi\u00e7os abrangentes de TI. Desenvolvemos a expertise necess\u00e1ria n\u00e3o apenas para atender \u00e0s exig\u00eancias de desenvolvimento de software e vendas e distribui\u00e7\u00e3o de equipamentos de computador, mas tamb\u00e9m para fornecer suporte pr\u00e9 e p\u00f3s-venda exigido pelos nossos clientes e parceiros.<\/p>\n\n\n\n<p>\u00c0 medida que a tecnologia e a din\u00e2mica do mercado evolu\u00edram, tamb\u00e9m n\u00f3s evolu\u00edmos e amadurecemos, mantendo a nossa filosofia de cuidado e lealdade para com cada um dos nossos clientes. Al\u00e9m disso, adotamos pr\u00e1ticas que promovem a sustentabilidade e o bem-estar social. <\/p>\n\n\n\n<p>Em nossa ess\u00eancia, acreditamos no potencial de nossos clientes para remodelar o mundo para melhor. \u00c9 por isso que os ajudamos ativamente a explorar novas possibilidades, aproveitar tecnologias emergentes e estabelecer modelos de neg\u00f3cios resilientes, mantendo-nos fi\u00e9is \u00e0s suas identidades \u00fanicas.<\/p>\n\n\n\n<p>Atrav\u00e9s das nossas pr\u00f3prias experi\u00eancias, desenvolvemos um profundo apre\u00e7o pela resili\u00eancia, tenacidade e determina\u00e7\u00e3o que os empreendedores demonstram. Compreendemos as noites sem dormir, os sacrif\u00edcios e o compromisso inabal\u00e1vel necess\u00e1rios para transformar uma ideia num empreendimento pr\u00f3spero. \u00c9 esta compreens\u00e3o que forma a base da nossa rela\u00e7\u00e3o com os empreendedores.<\/p>\n\n\n\n<p>Em resumo, na DesWare Lda., compreendemos intimamente os desafios enfrentados pelos empreendedores porque j\u00e1 estivemos no lugar deles. N\u00e3o trazemos apenas a nossa <a href=\"https:\/\/desware.com\/wp\/data-security-services\/\">experi\u00eancia t\u00e9cnica,<\/a> mas tamb\u00e9m as nossas pr\u00f3prias viv\u00eancias empreendedoras e valores para a mesa. Atrav\u00e9s do nosso apoio inabal\u00e1vel, <a href=\"https:\/\/desware.com\/wp\/digital-transformation\/\">solu\u00e7\u00f5es personalizadas<\/a>, e abordagem colaborativa, estamos dedicados a ajud\u00e1-lo a superar obst\u00e1culos, desbloquear todo o potencial e alcan\u00e7ar um sucesso not\u00e1vel.<\/p>\n\n\n\n<p>N\u00e3o hesite em <a href=\"https:\/\/www.desware.com\/wp\/#contact\">nos contactar<\/a> para saber mais sobre como podemos apoiar a sua evolu\u00e7\u00e3o.<\/p>","protected":false},"excerpt":{"rendered":"<p>Com a evolu\u00e7\u00e3o dos mercados e a mudan\u00e7a nas exig\u00eancias, evolu\u00edmos e amadurecemos, mas mantivemos nossa filosofia de cuidado e fidelidade para cada um dos nossos clientes, ao mesmo tempo que cultivamos pr\u00e1ticas que favorecem a sustentabilidade e o bem-estar social.<\/p>","protected":false},"author":2,"featured_media":1511,"parent":0,"menu_order":0,"comment_status":"closed","ping_status":"closed","template":"","meta":{"footnotes":""},"class_list":["post-17","page","type-page","status-publish","has-post-thumbnail","hentry"],"yoast_head":"<!-- This site is optimized with the Yoast SEO plugin v21.7 - https:\/\/yoast.com\/wordpress\/plugins\/seo\/ -->\n<title>DesWare Lda. - Our history<\/title>\n<meta name=\"description\" content=\"DesWare Lda. was created in 2003. Today, we are proud to have maintained our philosophy of caring, loyalty, and continuous evolution.\" \/>\n<meta name=\"robots\" content=\"index, follow, max-snippet:-1, max-image-preview:large, max-video-preview:-1\" \/>\n<link rel=\"canonical\" href=\"https:\/\/wp.desware.com\/pt\/our-history\/\" \/>\n<meta property=\"og:locale\" content=\"pt_PT\" \/>\n<meta property=\"og:type\" content=\"article\" \/>\n<meta property=\"og:title\" content=\"DesWare Lda. - Our history\" \/>\n<meta property=\"og:description\" content=\"DesWare Lda. was created in 2003. Today, we are proud to have maintained our philosophy of caring, loyalty, and continuous evolution.\" \/>\n<meta property=\"og:url\" content=\"https:\/\/wp.desware.com\/pt\/our-history\/\" \/>\n<meta property=\"og:site_name\" content=\"DesWare\" \/>\n<meta property=\"article:modified_time\" content=\"2023-07-10T16:26:39+00:00\" \/>\n<meta property=\"og:image\" content=\"https:\/\/wp.desware.com\/wp-content\/uploads\/2023\/07\/company01.jpg\" \/>\n\t<meta property=\"og:image:width\" content=\"1500\" \/>\n\t<meta property=\"og:image:height\" content=\"1000\" \/>\n\t<meta property=\"og:image:type\" content=\"image\/jpeg\" \/>\n<meta name=\"twitter:card\" content=\"summary_large_image\" \/>\n<meta name=\"twitter:label1\" content=\"Est. reading time\" \/>\n\t<meta name=\"twitter:data1\" content=\"2 minutos\" \/>\n<script type=\"application\/ld+json\" class=\"yoast-schema-graph\">{\"@context\":\"https:\/\/schema.org\",\"@graph\":[{\"@type\":\"WebPage\",\"@id\":\"https:\/\/wp.desware.com\/our-history\/\",\"url\":\"https:\/\/wp.desware.com\/our-history\/\",\"name\":\"DesWare Lda. - Our history\",\"isPartOf\":{\"@id\":\"https:\/\/wp.desware.com\/#website\"},\"datePublished\":\"2016-02-12T08:09:36+00:00\",\"dateModified\":\"2023-07-10T16:26:39+00:00\",\"description\":\"DesWare Lda. was created in 2003. Today, we are proud to have maintained our philosophy of caring, loyalty, and continuous evolution.\",\"breadcrumb\":{\"@id\":\"https:\/\/wp.desware.com\/our-history\/#breadcrumb\"},\"inLanguage\":\"pt-PT\",\"potentialAction\":[{\"@type\":\"ReadAction\",\"target\":[\"https:\/\/wp.desware.com\/our-history\/\"]}]},{\"@type\":\"BreadcrumbList\",\"@id\":\"https:\/\/wp.desware.com\/our-history\/#breadcrumb\",\"itemListElement\":[{\"@type\":\"ListItem\",\"position\":1,\"name\":\"Home\",\"item\":\"https:\/\/wp.desware.com\/\"},{\"@type\":\"ListItem\",\"position\":2,\"name\":\"Our History\"}]},{\"@type\":\"WebSite\",\"@id\":\"https:\/\/wp.desware.com\/#website\",\"url\":\"https:\/\/wp.desware.com\/\",\"name\":\"DesWare\",\"description\":\"DesWare website\",\"publisher\":{\"@id\":\"https:\/\/wp.desware.com\/#organization\"},\"potentialAction\":[{\"@type\":\"SearchAction\",\"target\":{\"@type\":\"EntryPoint\",\"urlTemplate\":\"https:\/\/wp.desware.com\/?s={search_term_string}\"},\"query-input\":\"required name=search_term_string\"}],\"inLanguage\":\"pt-PT\"},{\"@type\":\"Organization\",\"@id\":\"https:\/\/wp.desware.com\/#organization\",\"name\":\"DesWare\",\"url\":\"https:\/\/wp.desware.com\/\",\"logo\":{\"@type\":\"ImageObject\",\"inLanguage\":\"pt-PT\",\"@id\":\"https:\/\/wp.desware.com\/#\/schema\/logo\/image\/\",\"url\":\"https:\/\/wp.desware.com\/wp-content\/uploads\/2023\/05\/logo@2x.png\",\"contentUrl\":\"https:\/\/wp.desware.com\/wp-content\/uploads\/2023\/05\/logo@2x.png\",\"width\":548,\"height\":160,\"caption\":\"DesWare\"},\"image\":{\"@id\":\"https:\/\/wp.desware.com\/#\/schema\/logo\/image\/\"}}]}<\/script>\n<!-- \/ Yoast SEO plugin. -->","yoast_head_json":{"title":"DesWare Lda. - Our history","description":"DesWare Lda. was created in 2003. Today, we are proud to have maintained our philosophy of caring, loyalty, and continuous evolution.","robots":{"index":"index","follow":"follow","max-snippet":"max-snippet:-1","max-image-preview":"max-image-preview:large","max-video-preview":"max-video-preview:-1"},"canonical":"https:\/\/wp.desware.com\/pt\/our-history\/","og_locale":"pt_PT","og_type":"article","og_title":"DesWare Lda. - Our history","og_description":"DesWare Lda. was created in 2003. Today, we are proud to have maintained our philosophy of caring, loyalty, and continuous evolution.","og_url":"https:\/\/wp.desware.com\/pt\/our-history\/","og_site_name":"DesWare","article_modified_time":"2023-07-10T16:26:39+00:00","og_image":[{"width":1500,"height":1000,"url":"https:\/\/wp.desware.com\/wp-content\/uploads\/2023\/07\/company01.jpg","type":"image\/jpeg"}],"twitter_card":"summary_large_image","twitter_misc":{"Est. reading time":"2 minutos"},"schema":{"@context":"https:\/\/schema.org","@graph":[{"@type":"WebPage","@id":"https:\/\/wp.desware.com\/our-history\/","url":"https:\/\/wp.desware.com\/our-history\/","name":"DesWare Lda. - Our history","isPartOf":{"@id":"https:\/\/wp.desware.com\/#website"},"datePublished":"2016-02-12T08:09:36+00:00","dateModified":"2023-07-10T16:26:39+00:00","description":"DesWare Lda. was created in 2003. Today, we are proud to have maintained our philosophy of caring, loyalty, and continuous evolution.","breadcrumb":{"@id":"https:\/\/wp.desware.com\/our-history\/#breadcrumb"},"inLanguage":"pt-PT","potentialAction":[{"@type":"ReadAction","target":["https:\/\/wp.desware.com\/our-history\/"]}]},{"@type":"BreadcrumbList","@id":"https:\/\/wp.desware.com\/our-history\/#breadcrumb","itemListElement":[{"@type":"ListItem","position":1,"name":"Home","item":"https:\/\/wp.desware.com\/"},{"@type":"ListItem","position":2,"name":"Our History"}]},{"@type":"WebSite","@id":"https:\/\/wp.desware.com\/#website","url":"https:\/\/wp.desware.com\/","name":"DesWare","description":"DesWare website","publisher":{"@id":"https:\/\/wp.desware.com\/#organization"},"potentialAction":[{"@type":"SearchAction","target":{"@type":"EntryPoint","urlTemplate":"https:\/\/wp.desware.com\/?s={search_term_string}"},"query-input":"required name=search_term_string"}],"inLanguage":"pt-PT"},{"@type":"Organization","@id":"https:\/\/wp.desware.com\/#organization","name":"DesWare","url":"https:\/\/wp.desware.com\/","logo":{"@type":"ImageObject","inLanguage":"pt-PT","@id":"https:\/\/wp.desware.com\/#\/schema\/logo\/image\/","url":"https:\/\/wp.desware.com\/wp-content\/uploads\/2023\/05\/logo@2x.png","contentUrl":"https:\/\/wp.desware.com\/wp-content\/uploads\/2023\/05\/logo@2x.png","width":548,"height":160,"caption":"DesWare"},"image":{"@id":"https:\/\/wp.desware.com\/#\/schema\/logo\/image\/"}}]}},"_links":{"self":[{"href":"https:\/\/wp.desware.com\/pt\/wp-json\/wp\/v2\/pages\/17","targetHints":{"allow":["GET"]}}],"collection":[{"href":"https:\/\/wp.desware.com\/pt\/wp-json\/wp\/v2\/pages"}],"about":[{"href":"https:\/\/wp.desware.com\/pt\/wp-json\/wp\/v2\/types\/page"}],"author":[{"embeddable":true,"href":"https:\/\/wp.desware.com\/pt\/wp-json\/wp\/v2\/users\/2"}],"replies":[{"embeddable":true,"href":"https:\/\/wp.desware.com\/pt\/wp-json\/wp\/v2\/comments?post=17"}],"version-history":[{"count":7,"href":"https:\/\/wp.desware.com\/pt\/wp-json\/wp\/v2\/pages\/17\/revisions"}],"predecessor-version":[{"id":1519,"href":"https:\/\/wp.desware.com\/pt\/wp-json\/wp\/v2\/pages\/17\/revisions\/1519"}],"wp:featuredmedia":[{"embeddable":true,"href":"https:\/\/wp.desware.com\/pt\/wp-json\/wp\/v2\/media\/1511"}],"wp:attachment":[{"href":"https:\/\/wp.desware.com\/pt\/wp-json\/wp\/v2\/media?parent=17"}],"curies":[{"name":"wp","href":"https:\/\/api.w.org\/{rel}","templated":true}]}}